{"id":5,"date":"2020-08-19T09:29:45","date_gmt":"2020-08-19T08:29:45","guid":{"rendered":"http:\/\/edukacija.com.hr\/?page_id=5"},"modified":"2023-06-20T08:10:48","modified_gmt":"2023-06-20T07:10:48","slug":"2020-2021","status":"publish","type":"page","link":"https:\/\/edukacija.com.hr\/","title":{"rendered":"TZR &#8211; edukacija"},"content":{"rendered":"\t\t<div data-elementor-type=\"wp-page\" data-elementor-id=\"5\" class=\"elementor elementor-5\">\n\t\t\t\t\t\t<section class=\"elementor-section elementor-top-section elementor-element elementor-element-145b7a3 elementor-section-boxed elementor-section-height-default elementor-section-height-default\" data-id=\"145b7a3\" data-element_type=\"section\">\n\t\t\t\t\t\t<div class=\"elementor-container elementor-column-gap-default\">\n\t\t\t\t\t<div class=\"elementor-column elementor-col-100 elementor-top-column elementor-element elementor-element-15693ed\" data-id=\"15693ed\" data-element_type=\"column\">\n\t\t\t<div class=\"elementor-widget-wrap elementor-element-populated\">\n\t\t\t\t\t\t<div class=\"elementor-element elementor-element-236b249 elementor-widget elementor-widget-text-editor\" data-id=\"236b249\" data-element_type=\"widget\" data-widget_type=\"text-editor.default\">\n\t\t\t\t<div class=\"elementor-widget-container\">\n\t\t\t\t\t\t\t\t\t<h5 style=\"text-align: center;\"><span style=\"color: #339966;\"><em><strong>PROGRAM: ELEKTROTEHNIKA I RA\u010cUNALSTVO<\/strong><\/em><\/span><\/h5><h5 style=\"text-align: center;\"><span style=\"color: #339966;\"><em><strong>ZANIMANJE: TEHNI\u010cAR ZA RA\u010cUNALSTVO<\/strong><\/em><\/span><\/h5>\t\t\t\t\t\t\t\t<\/div>\n\t\t\t\t<\/div>\n\t\t\t\t\t<\/div>\n\t\t<\/div>\n\t\t\t\t\t<\/div>\n\t\t<\/section>\n\t\t\t\t<section class=\"elementor-section elementor-top-section elementor-element elementor-element-57bff81 elementor-section-boxed elementor-section-height-default elementor-section-height-default\" data-id=\"57bff81\" data-element_type=\"section\">\n\t\t\t\t\t\t<div class=\"elementor-container elementor-column-gap-default\">\n\t\t\t\t\t<div class=\"elementor-column elementor-col-100 elementor-top-column elementor-element elementor-element-7f1bc50\" data-id=\"7f1bc50\" data-element_type=\"column\">\n\t\t\t<div class=\"elementor-widget-wrap elementor-element-populated\">\n\t\t\t\t\t\t<div class=\"elementor-element elementor-element-1670c15 elementor-widget elementor-widget-video\" data-id=\"1670c15\" data-element_type=\"widget\" data-settings=\"{&quot;video_type&quot;:&quot;hosted&quot;,&quot;autoplay&quot;:&quot;yes&quot;,&quot;loop&quot;:&quot;yes&quot;,&quot;play_on_mobile&quot;:&quot;yes&quot;,&quot;controls&quot;:&quot;yes&quot;}\" data-widget_type=\"video.default\">\n\t\t\t\t<div class=\"elementor-widget-container\">\n\t\t\t\t\t\t\t<div class=\"e-hosted-video elementor-wrapper elementor-open-inline\">\n\t\t\t\t\t<video class=\"elementor-video\" src=\"https:\/\/edukacija.com.hr\/wp-content\/uploads\/2023\/06\/ulaz_edu-1.mp4\" autoplay=\"\" loop=\"\" controls=\"\" playsinline=\"\" controlsList=\"nodownload\"><\/video>\n\t\t\t\t<\/div>\n\t\t\t\t\t\t<\/div>\n\t\t\t\t<\/div>\n\t\t\t\t\t<\/div>\n\t\t<\/div>\n\t\t\t\t\t<\/div>\n\t\t<\/section>\n\t\t\t\t<\/div>\n\t\t","protected":false},"excerpt":{"rendered":"<p>PROGRAM: ELEKTROTEHNIKA I RA\u010cUNALSTVO ZANIMANJE: TEHNI\u010cAR ZA RA\u010cUNALSTVO https:\/\/edukacija.com.hr\/wp-content\/uploads\/2023\/06\/ulaz_edu-1.mp4<\/p>\n","protected":false},"author":1,"featured_media":0,"parent":0,"menu_order":0,"comment_status":"closed","ping_status":"closed","template":"","meta":{"footnotes":""},"class_list":["post-5","page","type-page","status-publish","hentry"],"_links":{"self":[{"href":"https:\/\/edukacija.com.hr\/index.php?rest_route=\/wp\/v2\/pages\/5","targetHints":{"allow":["GET"]}}],"collection":[{"href":"https:\/\/edukacija.com.hr\/index.php?rest_route=\/wp\/v2\/pages"}],"about":[{"href":"https:\/\/edukacija.com.hr\/index.php?rest_route=\/wp\/v2\/types\/page"}],"author":[{"embeddable":true,"href":"https:\/\/edukacija.com.hr\/index.php?rest_route=\/wp\/v2\/users\/1"}],"replies":[{"embeddable":true,"href":"https:\/\/edukacija.com.hr\/index.php?rest_route=%2Fwp%2Fv2%2Fcomments&post=5"}],"version-history":[{"count":40,"href":"https:\/\/edukacija.com.hr\/index.php?rest_route=\/wp\/v2\/pages\/5\/revisions"}],"predecessor-version":[{"id":5890,"href":"https:\/\/edukacija.com.hr\/index.php?rest_route=\/wp\/v2\/pages\/5\/revisions\/5890"}],"wp:attachment":[{"href":"https:\/\/edukacija.com.hr\/index.php?rest_route=%2Fwp%2Fv2%2Fmedia&parent=5"}],"curies":[{"name":"wp","href":"https:\/\/api.w.org\/{rel}","templated":true}]}}